{"id":16,"date":"2021-11-10T16:22:29","date_gmt":"2021-11-10T19:22:29","guid":{"rendered":"https:\/\/forumjustica.com.br\/live\/live\/?page_id=16"},"modified":"2023-07-18T07:08:32","modified_gmt":"2023-07-18T10:08:32","slug":"cidades","status":"publish","type":"page","link":"https:\/\/forumjustica.com.br\/en\/institucional\/sobre\/eixos-tematicos\/cidades\/","title":{"rendered":"Territories"},"content":{"rendered":"<p>Desde a sua funda\u00e7\u00e3o, o F\u00f3rum Justi\u00e7a (FJ) tem atuado para fortalecer a organiza\u00e7\u00e3o comunit\u00e1ria, construindo oportunidades de coopera\u00e7\u00e3o entre movimentos sociais e as Defensorias P\u00fablicas em diferentes cidades, com destaque para os munic\u00edpios de Volta Redonda(RJ), Fortaleza(CE) e Porto Alegre(RS). Nesses locais, o FJ vem reunindo integrantes de movimentos quilombolas, ind\u00edgenas, negros, de mulheres, de ocupa\u00e7\u00f5es urbanas, pastorias e catadores de materiais recicl\u00e1veis para formular propostas, acompanhar den\u00fancias e implementar pol\u00edticas p\u00fablicas, contando com o apoio de defensores(as) p\u00fablicos(as) e advogados(as) populares.<\/p>\n<p>Nas atividades vinculadas ao eixo Cidades, o F\u00f3rum Justi\u00e7a busca promover o interc\u00e2mbio entre movimentos sociais e atores jur\u00eddicos de diferentes localidades para aprimorar, por meio de aprendizado coletivo e a\u00e7\u00f5es conjuntas,\u00a0 respostas \u00e0s demandas comuns.<\/p>\n<p>As iniciativas abrangem tem\u00e1ticas como educa\u00e7\u00e3o ambiental e manejo do lixo, a luta por moradia digna, economia solid\u00e1ria e juventude, defesa do meio ambiente, resgate da hist\u00f3ria dos povos ind\u00edgenas e a promo\u00e7\u00e3o do conhecimento tradicional das comunidades quilombolas.<\/p>","protected":false},"excerpt":{"rendered":"<p>Desde a sua funda\u00e7\u00e3o, o F\u00f3rum Justi\u00e7a (FJ) tem atuado para fortalecer a organiza\u00e7\u00e3o comunit\u00e1ria, construindo oportunidades de coopera\u00e7\u00e3o entre movimentos sociais e as Defensorias P\u00fablicas em diferentes cidades, com destaque para os munic\u00edpios de Volta Redonda(RJ), Fortaleza(CE) e Porto Alegre(RS). Nesses locais, o FJ vem reunindo integrantes de movimentos quilombolas, ind\u00edgenas, negros, de mulheres, [&hellip;]<\/p>\n","protected":false},"author":13,"featured_media":15456,"parent":14,"menu_order":1,"comment_status":"closed","ping_status":"closed","template":"","meta":{"inline_featured_image":false,"footnotes":""},"class_list":["post-16","page","type-page","status-publish","has-post-thumbnail","hentry"],"_links":{"self":[{"href":"https:\/\/forumjustica.com.br\/en\/wp-json\/wp\/v2\/pages\/16","targetHints":{"allow":["GET"]}}],"collection":[{"href":"https:\/\/forumjustica.com.br\/en\/wp-json\/wp\/v2\/pages"}],"about":[{"href":"https:\/\/forumjustica.com.br\/en\/wp-json\/wp\/v2\/types\/page"}],"author":[{"embeddable":true,"href":"https:\/\/forumjustica.com.br\/en\/wp-json\/wp\/v2\/users\/13"}],"replies":[{"embeddable":true,"href":"https:\/\/forumjustica.com.br\/en\/wp-json\/wp\/v2\/comments?post=16"}],"version-history":[{"count":15,"href":"https:\/\/forumjustica.com.br\/en\/wp-json\/wp\/v2\/pages\/16\/revisions"}],"predecessor-version":[{"id":19496,"href":"https:\/\/forumjustica.com.br\/en\/wp-json\/wp\/v2\/pages\/16\/revisions\/19496"}],"up":[{"embeddable":true,"href":"https:\/\/forumjustica.com.br\/en\/wp-json\/wp\/v2\/pages\/14"}],"wp:featuredmedia":[{"embeddable":true,"href":"https:\/\/forumjustica.com.br\/en\/wp-json\/wp\/v2\/media\/15456"}],"wp:attachment":[{"href":"https:\/\/forumjustica.com.br\/en\/wp-json\/wp\/v2\/media?parent=16"}],"curies":[{"name":"wp","href":"https:\/\/api.w.org\/{rel}","templated":true}]}}