{"id":18,"date":"2021-11-10T16:22:38","date_gmt":"2021-11-10T19:22:38","guid":{"rendered":"https:\/\/forumjustica.com.br\/live\/live\/?page_id=18"},"modified":"2023-07-18T07:10:21","modified_gmt":"2023-07-18T10:10:21","slug":"democratizacao-do-sistema-de-justica","status":"publish","type":"page","link":"https:\/\/forumjustica.com.br\/en\/institucional\/sobre\/eixos-tematicos\/democratizacao-do-sistema-de-justica\/","title":{"rendered":"Democratization of the Justice System"},"content":{"rendered":"<p>Transpar\u00eancia, participa\u00e7\u00e3o popular e controle social s\u00e3o caminhos para tornar as institui\u00e7\u00f5es do sistema de justi\u00e7a mais democr\u00e1ticas. O F\u00f3rum Justi\u00e7a (FJ) \u00e9 um espa\u00e7o permanente de discuss\u00e3o, em que a sociedade civil \u00e9 a grande protagonista. O FJ acompanha e estimula a atua\u00e7\u00e3o de movimentos sociais junto \u00e0s institui\u00e7\u00f5es jur\u00eddicas para a constru\u00e7\u00e3o conjunta de pol\u00edticas p\u00fablicas de acesso \u00e0 justi\u00e7a e a escolha de prioridades or\u00e7ament\u00e1rias por meio de mecanismos como o planejamento estrat\u00e9gico e or\u00e7amento participativos, ouvidoria externa e outras formas de intera\u00e7\u00e3o.<\/p>\n<p>A implanta\u00e7\u00e3o de ouvidorias externas em todas as Defensorias P\u00fablicas e a observa\u00e7\u00e3o da lisura do processo de elei\u00e7\u00e3o do(a) ouvidor(a) \u00e9 uma das prioridades desse eixo. As ouvidorias externas s\u00e3o inst\u00e2ncias fundamentais para ampliar o di\u00e1logo com a sociedade civil e diminuir o impacto da hierarquia entre os atores judiciais e a popula\u00e7\u00e3o. Institu\u00eddas em <a href=\"http:\/\/www.planalto.gov.br\/ccivil_03\/leis\/lcp\/lcp132.htm#:~:text=Lcp%20132&amp;text=Altera%20dispositivos%20da%20Lei%20Complementar,1950%2C%20e%20d%C3%A1%20outras%20provid%C3%AAncias.\">lei de 2009<\/a>, ainda est\u00e3o ausentes em v\u00e1rios estados brasileiros.<\/p>","protected":false},"excerpt":{"rendered":"<p>Transpar\u00eancia, participa\u00e7\u00e3o popular e controle social s\u00e3o caminhos para tornar as institui\u00e7\u00f5es do sistema de justi\u00e7a mais democr\u00e1ticas. O F\u00f3rum Justi\u00e7a (FJ) \u00e9 um espa\u00e7o permanente de discuss\u00e3o, em que a sociedade civil \u00e9 a grande protagonista. O FJ acompanha e estimula a atua\u00e7\u00e3o de movimentos sociais junto \u00e0s institui\u00e7\u00f5es jur\u00eddicas para a constru\u00e7\u00e3o conjunta [&hellip;]<\/p>\n","protected":false},"author":13,"featured_media":15458,"parent":14,"menu_order":2,"comment_status":"closed","ping_status":"closed","template":"","meta":{"inline_featured_image":false,"footnotes":""},"class_list":["post-18","page","type-page","status-publish","has-post-thumbnail","hentry"],"_links":{"self":[{"href":"https:\/\/forumjustica.com.br\/en\/wp-json\/wp\/v2\/pages\/18","targetHints":{"allow":["GET"]}}],"collection":[{"href":"https:\/\/forumjustica.com.br\/en\/wp-json\/wp\/v2\/pages"}],"about":[{"href":"https:\/\/forumjustica.com.br\/en\/wp-json\/wp\/v2\/types\/page"}],"author":[{"embeddable":true,"href":"https:\/\/forumjustica.com.br\/en\/wp-json\/wp\/v2\/users\/13"}],"replies":[{"embeddable":true,"href":"https:\/\/forumjustica.com.br\/en\/wp-json\/wp\/v2\/comments?post=18"}],"version-history":[{"count":12,"href":"https:\/\/forumjustica.com.br\/en\/wp-json\/wp\/v2\/pages\/18\/revisions"}],"predecessor-version":[{"id":19503,"href":"https:\/\/forumjustica.com.br\/en\/wp-json\/wp\/v2\/pages\/18\/revisions\/19503"}],"up":[{"embeddable":true,"href":"https:\/\/forumjustica.com.br\/en\/wp-json\/wp\/v2\/pages\/14"}],"wp:featuredmedia":[{"embeddable":true,"href":"https:\/\/forumjustica.com.br\/en\/wp-json\/wp\/v2\/media\/15458"}],"wp:attachment":[{"href":"https:\/\/forumjustica.com.br\/en\/wp-json\/wp\/v2\/media?parent=18"}],"curies":[{"name":"wp","href":"https:\/\/api.w.org\/{rel}","templated":true}]}}