{"id":20,"date":"2021-11-10T16:22:56","date_gmt":"2021-11-10T19:22:56","guid":{"rendered":"https:\/\/forumjustica.com.br\/live\/live\/?page_id=20"},"modified":"2023-07-18T07:10:13","modified_gmt":"2023-07-18T10:10:13","slug":"genero-e-raca","status":"publish","type":"page","link":"https:\/\/forumjustica.com.br\/en\/institucional\/sobre\/eixos-tematicos\/genero-e-raca\/","title":{"rendered":"Gender and Race"},"content":{"rendered":"<p>Este eixo visa contribuir para a institui\u00e7\u00e3o de uma justi\u00e7a de boa qualidade para mulheres (com base na Recomenda\u00e7\u00e3o n\u00ba 33 da CEDAW). Considerando a interseccionalidade, o que se pretende \u00e9 pautar a implementa\u00e7\u00e3o das reivindica\u00e7\u00f5es do movimento de mulheres e, assim, contribuir para a supera\u00e7\u00e3o da desigualdade de g\u00eanero no interior do sistema de justi\u00e7a, que afeta as integrantes de carreiras e o acesso \u00e0 justi\u00e7a.<\/p>\n<p>O FJ\u00a0 pretende, nos termos da conven\u00e7\u00e3o, incentivar que os organismos do Judici\u00e1rio sejam mais participativos e abertos a medidas pr\u00e1ticas inovadoras sens\u00edveis a g\u00eanero. o que se pretende \u00e9 estimular que as crescentes demandas das mulheres por direitos sejam levadas em considera\u00e7\u00e3o pelo Judici\u00e1rio.<\/p>\n<p>Com esse objetivo, o F\u00f3rum Justi\u00e7a realiza debates e col\u00f3quios que difundem o tema da igualdade de g\u00eanero no sistema de justi\u00e7a, integram as mulheres atuantes nas institui\u00e7\u00f5es do Judici\u00e1rio e promovem o di\u00e1logo destas com a sociedade civil. Em 2016 e 2019, foram realizados os cursos \u201c<a href=\"https:\/\/forumjustica.com.br\/curso-acao-estrategica-para-uma-perspectiva-interseccional-da-defensoria-publica-com-foco-em-genero-e-raca\/\">A\u00e7\u00e3o Estrat\u00e9gica para uma Perspectiva Interseccional da Defensoria P\u00fablica com Foco em G\u00eanero e Ra\u00e7a<\/a>\u201d, parceria com a Comiss\u00e3o dos Direitos da Mulher da <a href=\"https:\/\/www.anadep.org.br\/wtk\/pagina\/inicial\">Associa\u00e7\u00e3o Nacional de Defensoras e Defensores P\u00fablicos (ANADEP)<\/a>, <a href=\"https:\/\/criola.org.br\/\">Criola<\/a> e <a href=\"https:\/\/www.puc-rio.br\/index.html\">Pontif\u00edcia Universidade Cat\u00f3lica do Rio de Janeiro (PUC-Rio<\/a>). O curso representou um marco inicial significativo na discuss\u00e3o da quest\u00e3o de g\u00eanero da Defensoria P\u00fablica e teve como resultado a cria\u00e7\u00e3o da <a href=\"https:\/\/www.facebook.com\/coletivodefensoras\/\">ColetivA\u00a0 Mulheres Defensoras P\u00fablicas do Brasil.<\/a><\/p>\n<p>Em 2021, o FJ criou o <a href=\"https:\/\/forumjustica.com.br\/dialogos-coletivamente-novo-projeto-do-fj-promove-encontro-com-mulheres-do-sistema-de-justica\/\">projeto ColetivAmente<\/a>, que pretende integrar mulheres atuantes no sistema de justi\u00e7a em todo pa\u00eds em torno de pautas democr\u00e1ticas e inclusivas.\u00a0 O que se pretende estimular medidas que possam ser propostas para incidir na desigualdade de g\u00eanero e ra\u00e7a em dois aspectos: no que se refere a sua arquitetura institucional (representa\u00e7\u00e3o), bem como, em suas pr\u00e1ticas profissionais, com destaque para o atendimento de casos que s\u00e3o atravessados pelas quest\u00f5es de g\u00eanero e impactam diretamente na vida das mulheres.<\/p>","protected":false},"excerpt":{"rendered":"<p>Este eixo visa contribuir para a institui\u00e7\u00e3o de uma justi\u00e7a de boa qualidade para mulheres (com base na Recomenda\u00e7\u00e3o n\u00ba 33 da CEDAW). Considerando a interseccionalidade, o que se pretende \u00e9 pautar a implementa\u00e7\u00e3o das reivindica\u00e7\u00f5es do movimento de mulheres e, assim, contribuir para a supera\u00e7\u00e3o da desigualdade de g\u00eanero no interior do sistema de [&hellip;]<\/p>\n","protected":false},"author":13,"featured_media":15435,"parent":14,"menu_order":3,"comment_status":"closed","ping_status":"closed","template":"","meta":{"inline_featured_image":false,"footnotes":""},"class_list":["post-20","page","type-page","status-publish","has-post-thumbnail","hentry"],"_links":{"self":[{"href":"https:\/\/forumjustica.com.br\/en\/wp-json\/wp\/v2\/pages\/20","targetHints":{"allow":["GET"]}}],"collection":[{"href":"https:\/\/forumjustica.com.br\/en\/wp-json\/wp\/v2\/pages"}],"about":[{"href":"https:\/\/forumjustica.com.br\/en\/wp-json\/wp\/v2\/types\/page"}],"author":[{"embeddable":true,"href":"https:\/\/forumjustica.com.br\/en\/wp-json\/wp\/v2\/users\/13"}],"replies":[{"embeddable":true,"href":"https:\/\/forumjustica.com.br\/en\/wp-json\/wp\/v2\/comments?post=20"}],"version-history":[{"count":12,"href":"https:\/\/forumjustica.com.br\/en\/wp-json\/wp\/v2\/pages\/20\/revisions"}],"predecessor-version":[{"id":19502,"href":"https:\/\/forumjustica.com.br\/en\/wp-json\/wp\/v2\/pages\/20\/revisions\/19502"}],"up":[{"embeddable":true,"href":"https:\/\/forumjustica.com.br\/en\/wp-json\/wp\/v2\/pages\/14"}],"wp:featuredmedia":[{"embeddable":true,"href":"https:\/\/forumjustica.com.br\/en\/wp-json\/wp\/v2\/media\/15435"}],"wp:attachment":[{"href":"https:\/\/forumjustica.com.br\/en\/wp-json\/wp\/v2\/media?parent=20"}],"curies":[{"name":"wp","href":"https:\/\/api.w.org\/{rel}","templated":true}]}}