{"id":22,"date":"2021-11-10T16:23:08","date_gmt":"2021-11-10T19:23:08","guid":{"rendered":"https:\/\/forumjustica.com.br\/live\/live\/?page_id=22"},"modified":"2023-07-18T07:10:01","modified_gmt":"2023-07-18T10:10:01","slug":"violencia-institucional","status":"publish","type":"page","link":"https:\/\/forumjustica.com.br\/en\/institucional\/sobre\/eixos-tematicos\/violencia-institucional\/","title":{"rendered":"Institutional Violence and Criminal Policy"},"content":{"rendered":"<p>O enfrentamento do racismo estrutural e institucional no sistema de justi\u00e7a \u00e9 um dos focos de estudos e debates promovidos pelo\u00a0 F\u00f3rum Justi\u00e7a (FJ) nos \u00faltimos anos entre diferentes atores. Dados apontam que as institui\u00e7\u00f5es jur\u00eddicas tendem a reproduzir desigualdades e pr\u00e1ticas racistas da sociedade brasileira em seu desenho institucional e na sua forma de atua\u00e7\u00e3o. Pesquisas indicam n\u00famero reduzido de pessoas negras em posi\u00e7\u00f5es de decis\u00e3o do sistema de justi\u00e7a, bem como a dificuldade de acesso de pretos e pardos a mecanismos adequados de defesa e julgamento.<\/p>\n<p>O F\u00f3rum Justi\u00e7a defende a constru\u00e7\u00e3o de pol\u00edticas institucionais interseccionais que rompam com esse ciclo de exclus\u00e3o e pr\u00e1ticas discriminat\u00f3rias. Para isso, tem investido no fortalecimento de grupos e mecanismos dedicados a debater a tem\u00e1tica do racismo no sistema de justi\u00e7a, a questionar pr\u00e1ticas discriminat\u00f3rias e realizar estudos sobre o tema com o objetivo de transformar essa realidade e\u00a0 democratizar esses espa\u00e7os de poder. As pesquisas &#8220;<a href=\"https:\/\/drive.google.com\/file\/d\/1DV4f4WnQ2kC78SuIyt3eCAP6XL5o_mdD\/view\">Din\u00e2micas de Reprodu\u00e7\u00e3o e Enfrentamento ao Racismo Institucional na Defensoria P\u00fablica<\/a>&#8221; e &#8220;<a href=\"https:\/\/drive.google.com\/file\/d\/1lHMGOVNxkeHQtMC-_55jVQ4KUWfzkCnp\/view\">Racismo Institucional e o Sistema de Justi\u00e7a<\/a>&#8220;, ambas realizadas em parceria com a organiza\u00e7\u00e3o <a href=\"https:\/\/criola.org.br\/\">Criola<\/a>, s\u00e3o alguns exemplos dessas produ\u00e7\u00f5es.<\/p>\n<p>O FJ defende que todas as institui\u00e7\u00f5es do sistema de justi\u00e7a se comprometam publicamente com o enfrentamento do racismo, criando pol\u00edticas, a\u00e7\u00f5es e estrat\u00e9gias antirracistas; instituindo inst\u00e2ncias de governan\u00e7a para coordenar iniciativas com este foco; desenvolvendo a\u00e7\u00f5es afirmativas para o ingresso e a ascens\u00e3o funcional de negros, ind\u00edgenas, quilombolas, pessoas com defici\u00eancia, hipossuficientes; e estabelecendo metas e m\u00e9tricas para esse processo.<\/p>\n<p>A constru\u00e7\u00e3o de uma justi\u00e7a menos discriminat\u00f3ria tamb\u00e9m deve envolver a cria\u00e7\u00e3o de \u00f3rg\u00e3os espec\u00edficos e de protocolos para o atendimento desses p\u00fablicos vulnerabilizados e frequentemente impossibilitados de acessar a justi\u00e7a de maneira eficiente e justa.<\/p>","protected":false},"excerpt":{"rendered":"<p>O enfrentamento do racismo estrutural e institucional no sistema de justi\u00e7a \u00e9 um dos focos de estudos e debates promovidos pelo\u00a0 F\u00f3rum Justi\u00e7a (FJ) nos \u00faltimos anos entre diferentes atores. Dados apontam que as institui\u00e7\u00f5es jur\u00eddicas tendem a reproduzir desigualdades e pr\u00e1ticas racistas da sociedade brasileira em seu desenho institucional e na sua forma de [&hellip;]<\/p>\n","protected":false},"author":13,"featured_media":15455,"parent":14,"menu_order":4,"comment_status":"closed","ping_status":"closed","template":"","meta":{"inline_featured_image":false,"footnotes":""},"class_list":["post-22","page","type-page","status-publish","has-post-thumbnail","hentry"],"_links":{"self":[{"href":"https:\/\/forumjustica.com.br\/en\/wp-json\/wp\/v2\/pages\/22","targetHints":{"allow":["GET"]}}],"collection":[{"href":"https:\/\/forumjustica.com.br\/en\/wp-json\/wp\/v2\/pages"}],"about":[{"href":"https:\/\/forumjustica.com.br\/en\/wp-json\/wp\/v2\/types\/page"}],"author":[{"embeddable":true,"href":"https:\/\/forumjustica.com.br\/en\/wp-json\/wp\/v2\/users\/13"}],"replies":[{"embeddable":true,"href":"https:\/\/forumjustica.com.br\/en\/wp-json\/wp\/v2\/comments?post=22"}],"version-history":[{"count":12,"href":"https:\/\/forumjustica.com.br\/en\/wp-json\/wp\/v2\/pages\/22\/revisions"}],"predecessor-version":[{"id":19500,"href":"https:\/\/forumjustica.com.br\/en\/wp-json\/wp\/v2\/pages\/22\/revisions\/19500"}],"up":[{"embeddable":true,"href":"https:\/\/forumjustica.com.br\/en\/wp-json\/wp\/v2\/pages\/14"}],"wp:featuredmedia":[{"embeddable":true,"href":"https:\/\/forumjustica.com.br\/en\/wp-json\/wp\/v2\/media\/15455"}],"wp:attachment":[{"href":"https:\/\/forumjustica.com.br\/en\/wp-json\/wp\/v2\/media?parent=22"}],"curies":[{"name":"wp","href":"https:\/\/api.w.org\/{rel}","templated":true}]}}