{"id":24,"date":"2021-11-10T16:23:23","date_gmt":"2021-11-10T19:23:23","guid":{"rendered":"https:\/\/forumjustica.com.br\/live\/live\/?page_id=24"},"modified":"2023-07-18T07:10:04","modified_gmt":"2023-07-18T10:10:04","slug":"ibero-latino-americano","status":"publish","type":"page","link":"https:\/\/forumjustica.com.br\/en\/institucional\/sobre\/eixos-tematicos\/ibero-latino-americano\/","title":{"rendered":"Iberian Latin American"},"content":{"rendered":"<p>A forma\u00e7\u00e3o da cultura jur\u00eddica na Am\u00e9rica Latina possui fortes tra\u00e7os comuns, como o florescimento do modelo de Defensoria P\u00fablica. No entanto, as muitas barreiras para a implementa\u00e7\u00e3o de uma ampla agenda de direitos tamb\u00e9m s\u00e3o compartilhadas pelos pa\u00edses da regi\u00e3o. O F\u00f3rum Justi\u00e7a (FJ) tem o objetivo de contribuir para aperfei\u00e7oar os desenhos institucionais dos sistemas de justi\u00e7a a partir da troca de conhecimento e de experi\u00eancias entre diferentes atores internacionais.<\/p>\n<p>O Eixo Tem\u00e1tico Ibero Latino-Americano tem buscado difundir o conte\u00fado das 100 Regras de Bras\u00edlia e outros documentos publicados pela C\u00fapula Judicial Ibero-americana. Tem, tamb\u00e9m, facilitado a elabora\u00e7\u00e3o de conv\u00eanios para o interc\u00e2mbio entre Defensorias P\u00fablicas de pa\u00edses da regi\u00e3o com o objetivo de construir, coletivamente, um modelo de justi\u00e7a integrador. Dentre os principais temas discutidos, est\u00e3o a pol\u00edtica judicial latino-americana e a reforma da justi\u00e7a no continente.<\/p>\n<p>Em 2019, o FJ deu in\u00edcio ao projeto <a href=\"http:\/\/accesstojusticeamericas.org\/pt\/home-portugues\/\">Acesso \u00e0 Justi\u00e7a nas Am\u00e9ricas<\/a> (AJA), que visa promover uma internacionaliza\u00e7\u00e3o mais equ\u00e2nime do debate sobre o acesso \u00e0 justi\u00e7a, contestando a centralidade da l\u00edngua inglesa e trazendo \u00e0 tona inova\u00e7\u00f5es de variados pa\u00edses da regi\u00e3o, em quatro idiomas (portugu\u00eas, espanhol, franc\u00eas e ingl\u00eas). O projeto tem articulado diferentes redes de movimentos sociais, pesquisa e atores judiciais por todo o continente.<\/p>","protected":false},"excerpt":{"rendered":"<p>A forma\u00e7\u00e3o da cultura jur\u00eddica na Am\u00e9rica Latina possui fortes tra\u00e7os comuns, como o florescimento do modelo de Defensoria P\u00fablica. No entanto, as muitas barreiras para a implementa\u00e7\u00e3o de uma ampla agenda de direitos tamb\u00e9m s\u00e3o compartilhadas pelos pa\u00edses da regi\u00e3o. O F\u00f3rum Justi\u00e7a (FJ) tem o objetivo de contribuir para aperfei\u00e7oar os desenhos institucionais [&hellip;]<\/p>\n","protected":false},"author":13,"featured_media":15457,"parent":14,"menu_order":5,"comment_status":"closed","ping_status":"closed","template":"","meta":{"inline_featured_image":false,"footnotes":""},"class_list":["post-24","page","type-page","status-publish","has-post-thumbnail","hentry"],"_links":{"self":[{"href":"https:\/\/forumjustica.com.br\/en\/wp-json\/wp\/v2\/pages\/24","targetHints":{"allow":["GET"]}}],"collection":[{"href":"https:\/\/forumjustica.com.br\/en\/wp-json\/wp\/v2\/pages"}],"about":[{"href":"https:\/\/forumjustica.com.br\/en\/wp-json\/wp\/v2\/types\/page"}],"author":[{"embeddable":true,"href":"https:\/\/forumjustica.com.br\/en\/wp-json\/wp\/v2\/users\/13"}],"replies":[{"embeddable":true,"href":"https:\/\/forumjustica.com.br\/en\/wp-json\/wp\/v2\/comments?post=24"}],"version-history":[{"count":9,"href":"https:\/\/forumjustica.com.br\/en\/wp-json\/wp\/v2\/pages\/24\/revisions"}],"predecessor-version":[{"id":19501,"href":"https:\/\/forumjustica.com.br\/en\/wp-json\/wp\/v2\/pages\/24\/revisions\/19501"}],"up":[{"embeddable":true,"href":"https:\/\/forumjustica.com.br\/en\/wp-json\/wp\/v2\/pages\/14"}],"wp:featuredmedia":[{"embeddable":true,"href":"https:\/\/forumjustica.com.br\/en\/wp-json\/wp\/v2\/media\/15457"}],"wp:attachment":[{"href":"https:\/\/forumjustica.com.br\/en\/wp-json\/wp\/v2\/media?parent=24"}],"curies":[{"name":"wp","href":"https:\/\/api.w.org\/{rel}","templated":true}]}}