{"id":16,"date":"2021-11-10T16:22:29","date_gmt":"2021-11-10T19:22:29","guid":{"rendered":"https:\/\/forumjustica.com.br\/live\/live\/?page_id=16"},"modified":"2023-07-18T07:08:32","modified_gmt":"2023-07-18T10:08:32","slug":"cidades","status":"publish","type":"page","link":"https:\/\/forumjustica.com.br\/es\/institucional\/sobre\/eixos-tematicos\/cidades\/","title":{"rendered":"Ciudades"},"content":{"rendered":"<p>Desde su fundaci\u00f3n, F\u00f3rum Justicia (FJ) ha trabajado en el fortalecimiento de la organizaci\u00f3n comunitaria, construyendo oportunidades de cooperaci\u00f3n entre los movimientos sociales y la Defensor\u00eda P\u00fablica en diferentes ciudades, especialmente en los municipios de Volta Redonda (RJ), Fortaleza (CE) y Porto Alegre (RS). En estos lugares, FJ viene reuniendo a miembros de los movimientos <em>quilombolas<\/em>, ind\u00edgenas, negros, de mujeres, de ocupaciones urbanas, de pastorales y de recicladores para formular propuestas, acompa\u00f1ar las denuncias e implementar pol\u00edticas p\u00fablicas, con el apoyo de defensores(as) p\u00fablicos(as) y abogados(as) populares.<\/p>\n<p>En las actividades vinculadas al eje Ciudades, F\u00f3rum Justicia busca promover el intercambio entre movimientos sociales y actores jur\u00eddicos de diferentes lugares para mejorar, a trav\u00e9s del aprendizaje colectivo y las acciones conjuntas, las respuestas a las demandas comunes.<\/p>\n<p>Las iniciativas abarcan temas como la educaci\u00f3n ambiental y la gesti\u00f3n de residuos, la lucha por la vivienda digna, la econom\u00eda solidaria y la juventud, la defensa del medio ambiente, el rescate de la historia de los pueblos ind\u00edgenas y la promoci\u00f3n del conocimiento tradicional de las comunidades <em>quilombolas<\/em>.<\/p>","protected":false},"excerpt":{"rendered":"<p>Desde su fundaci\u00f3n, F\u00f3rum Justicia (FJ) ha trabajado en el fortalecimiento de la organizaci\u00f3n comunitaria, construyendo oportunidades de cooperaci\u00f3n entre los movimientos sociales y la Defensor\u00eda P\u00fablica en diferentes ciudades, especialmente en los municipios de Volta Redonda (RJ), Fortaleza (CE) y Porto Alegre (RS). En estos lugares, FJ viene reuniendo a miembros de los movimientos [&hellip;]<\/p>\n","protected":false},"author":13,"featured_media":15456,"parent":14,"menu_order":1,"comment_status":"closed","ping_status":"closed","template":"","meta":{"inline_featured_image":false,"footnotes":""},"class_list":["post-16","page","type-page","status-publish","has-post-thumbnail","hentry"],"_links":{"self":[{"href":"https:\/\/forumjustica.com.br\/es\/wp-json\/wp\/v2\/pages\/16","targetHints":{"allow":["GET"]}}],"collection":[{"href":"https:\/\/forumjustica.com.br\/es\/wp-json\/wp\/v2\/pages"}],"about":[{"href":"https:\/\/forumjustica.com.br\/es\/wp-json\/wp\/v2\/types\/page"}],"author":[{"embeddable":true,"href":"https:\/\/forumjustica.com.br\/es\/wp-json\/wp\/v2\/users\/13"}],"replies":[{"embeddable":true,"href":"https:\/\/forumjustica.com.br\/es\/wp-json\/wp\/v2\/comments?post=16"}],"version-history":[{"count":15,"href":"https:\/\/forumjustica.com.br\/es\/wp-json\/wp\/v2\/pages\/16\/revisions"}],"predecessor-version":[{"id":19496,"href":"https:\/\/forumjustica.com.br\/es\/wp-json\/wp\/v2\/pages\/16\/revisions\/19496"}],"up":[{"embeddable":true,"href":"https:\/\/forumjustica.com.br\/es\/wp-json\/wp\/v2\/pages\/14"}],"wp:featuredmedia":[{"embeddable":true,"href":"https:\/\/forumjustica.com.br\/es\/wp-json\/wp\/v2\/media\/15456"}],"wp:attachment":[{"href":"https:\/\/forumjustica.com.br\/es\/wp-json\/wp\/v2\/media?parent=16"}],"curies":[{"name":"wp","href":"https:\/\/api.w.org\/{rel}","templated":true}]}}