{"id":18,"date":"2021-11-10T16:22:38","date_gmt":"2021-11-10T19:22:38","guid":{"rendered":"https:\/\/forumjustica.com.br\/live\/live\/?page_id=18"},"modified":"2023-07-18T07:10:21","modified_gmt":"2023-07-18T10:10:21","slug":"democratizacao-do-sistema-de-justica","status":"publish","type":"page","link":"https:\/\/forumjustica.com.br\/es\/institucional\/sobre\/eixos-tematicos\/democratizacao-do-sistema-de-justica\/","title":{"rendered":"Democratizaci\u00f3n del Sistema de Justicia"},"content":{"rendered":"<p>La transparencia, la participaci\u00f3n popular y el control social son formas de hacer m\u00e1s democr\u00e1ticas las instituciones del sistema de justicia. F\u00f3rum Justicia (FJ) es un espacio permanente de discusi\u00f3n en el que la sociedad civil es la principal protagonista. FJ acompa\u00f1a y estimula a los movimientos sociales a trabajar junto con las instituciones jur\u00eddicas para construir conjuntamente pol\u00edticas p\u00fablicas de acceso a la justicia y definir las prioridades presupuestarias a trav\u00e9s de mecanismos como la planeaci\u00f3n estrat\u00e9gica y el presupuesto participativo, las <em>ouvidorias<\/em> externas y otras formas de interacci\u00f3n.<\/p>\n<p>La implantaci\u00f3n de las <em>ouvidorias <\/em>externas en todas las Defensor\u00edas P\u00fablicas y la observaci\u00f3n del proceso de elecci\u00f3n del <em>ouvidor<\/em>(a) es una de las prioridades de este eje. Las <em>ouvidorias<\/em> externas son instancias fundamentales para ampliar el di\u00e1logo con la sociedad civil y reducir el impacto de la jerarqu\u00eda entre los actores judiciales y la poblaci\u00f3n. A pesar de haber sido legalmente instituidas en 2009, todav\u00eda est\u00e1n ausentes en varios estados brasileros.<\/p>","protected":false},"excerpt":{"rendered":"<p>La transparencia, la participaci\u00f3n popular y el control social son formas de hacer m\u00e1s democr\u00e1ticas las instituciones del sistema de justicia. F\u00f3rum Justicia (FJ) es un espacio permanente de discusi\u00f3n en el que la sociedad civil es la principal protagonista. FJ acompa\u00f1a y estimula a los movimientos sociales a trabajar junto con las instituciones jur\u00eddicas [&hellip;]<\/p>\n","protected":false},"author":13,"featured_media":15458,"parent":14,"menu_order":2,"comment_status":"closed","ping_status":"closed","template":"","meta":{"inline_featured_image":false,"footnotes":""},"class_list":["post-18","page","type-page","status-publish","has-post-thumbnail","hentry"],"_links":{"self":[{"href":"https:\/\/forumjustica.com.br\/es\/wp-json\/wp\/v2\/pages\/18","targetHints":{"allow":["GET"]}}],"collection":[{"href":"https:\/\/forumjustica.com.br\/es\/wp-json\/wp\/v2\/pages"}],"about":[{"href":"https:\/\/forumjustica.com.br\/es\/wp-json\/wp\/v2\/types\/page"}],"author":[{"embeddable":true,"href":"https:\/\/forumjustica.com.br\/es\/wp-json\/wp\/v2\/users\/13"}],"replies":[{"embeddable":true,"href":"https:\/\/forumjustica.com.br\/es\/wp-json\/wp\/v2\/comments?post=18"}],"version-history":[{"count":12,"href":"https:\/\/forumjustica.com.br\/es\/wp-json\/wp\/v2\/pages\/18\/revisions"}],"predecessor-version":[{"id":19503,"href":"https:\/\/forumjustica.com.br\/es\/wp-json\/wp\/v2\/pages\/18\/revisions\/19503"}],"up":[{"embeddable":true,"href":"https:\/\/forumjustica.com.br\/es\/wp-json\/wp\/v2\/pages\/14"}],"wp:featuredmedia":[{"embeddable":true,"href":"https:\/\/forumjustica.com.br\/es\/wp-json\/wp\/v2\/media\/15458"}],"wp:attachment":[{"href":"https:\/\/forumjustica.com.br\/es\/wp-json\/wp\/v2\/media?parent=18"}],"curies":[{"name":"wp","href":"https:\/\/api.w.org\/{rel}","templated":true}]}}