{"id":20,"date":"2021-11-10T16:22:56","date_gmt":"2021-11-10T19:22:56","guid":{"rendered":"https:\/\/forumjustica.com.br\/live\/live\/?page_id=20"},"modified":"2023-07-18T07:10:13","modified_gmt":"2023-07-18T10:10:13","slug":"genero-e-raca","status":"publish","type":"page","link":"https:\/\/forumjustica.com.br\/es\/institucional\/sobre\/eixos-tematicos\/genero-e-raca\/","title":{"rendered":"G\u00e9nero"},"content":{"rendered":"<p>Este eje busca contribuir a la instituci\u00f3n de una justicia de calidad para las mujeres (basada en la Recomendaci\u00f3n n\u00ba 33 de la CEDAW). Teniendo en cuenta la interseccionalidad, se pretende debatir sobre la implementaci\u00f3n de las demandas del movimiento de mujeres y as\u00ed contribuir a la superaci\u00f3n de la desigualdad de g\u00e9nero dentro del sistema de justicia, que afecta a las integrantes de las carreras y el acceso a la justicia.<\/p>\n<p>FJ pretende, de acuerdo con la convenci\u00f3n, incentivar a los organismos judiciales a ser m\u00e1s participativos y abiertos a medidas pr\u00e1cticas innovadoras sensibles al g\u00e9nero. Lo que se pretende es estimular que las demandas crecientes por derechos de las mujeres sean tenidas en cuenta por el Poder Judicial.<\/p>\n<p>Con este objetivo, F\u00f3rum Justicia realiza debates y coloquios que difunden el tema de la igualdad de g\u00e9nero en el sistema de justicia, integran a las mujeres que act\u00faan en las instituciones judiciales y promueven su di\u00e1logo con la sociedad civil. En 2016 y 2019, se realiz\u00f3 el curso <a href=\"https:\/\/forumjustica.com.br\/curso-acao-estrategica-para-uma-perspectiva-interseccional-da-defensoria-publica-com-foco-em-genero-e-raca\/\">\u00abAcci\u00f3n Estrat\u00e9gica para una Perspectiva Interseccional de la Defensor\u00eda P\u00fablica con enfoque de G\u00e9nero y Raza<\/a>\u00ab, en alianza con la Comisi\u00f3n de Derechos de la Mujer de la <a href=\"https:\/\/www.anadep.org.br\/wtk\/pagina\/inicial\">Asociaci\u00f3n Nacional de Defensoras y Defensores P\u00fablicos (ANADEP)<\/a>, <a href=\"https:\/\/criola.org.br\/\">Criola<\/a> y la <a href=\"https:\/\/www.puc-rio.br\/index.html\">Pontificia Universidad Cat\u00f3lica de R\u00edo de Janeiro (PUC-Rio<\/a>). El curso represent\u00f3 un importante hito en la discusi\u00f3n sobre la cuesti\u00f3n de g\u00e9nero en la Defensor\u00eda P\u00fablica y dio lugar a la creaci\u00f3n de la <a href=\"https:\/\/www.facebook.com\/coletivodefensoras\/\">ColectivA\u00a0 Mujeres Defensoras P\u00fablicas de Brasil<\/a>.<\/p>\n<p>En 2021, FJ cre\u00f3 el <a href=\"https:\/\/forumjustica.com.br\/dialogos-coletivamente-novo-projeto-do-fj-promove-encontro-com-mulheres-do-sistema-de-justica\/\">proyecto ColectivAmente<\/a>, que tiene como objetivo integrar a las mujeres que act\u00faan en el sistema de justicia en todo el pa\u00eds en torno a agendas democr\u00e1ticas e inclusivas.\u00a0 El objetivo es estimular medidas que puedan proponerse para abordar la desigualdad de g\u00e9nero y raza en dos aspectos: en t\u00e9rminos de su arquitectura institucional (representaci\u00f3n), y en sus pr\u00e1cticas profesionales, con \u00e9nfasis en la atenci\u00f3n de casos que se ven atravesados por cuestiones de g\u00e9nero y tienen un impacto directo en la vida de las mujeres.<\/p>","protected":false},"excerpt":{"rendered":"<p>Este eje busca contribuir a la instituci\u00f3n de una justicia de calidad para las mujeres (basada en la Recomendaci\u00f3n n\u00ba 33 de la CEDAW). Teniendo en cuenta la interseccionalidad, se pretende debatir sobre la implementaci\u00f3n de las demandas del movimiento de mujeres y as\u00ed contribuir a la superaci\u00f3n de la desigualdad de g\u00e9nero dentro del [&hellip;]<\/p>\n","protected":false},"author":13,"featured_media":15435,"parent":14,"menu_order":3,"comment_status":"closed","ping_status":"closed","template":"","meta":{"inline_featured_image":false,"footnotes":""},"class_list":["post-20","page","type-page","status-publish","has-post-thumbnail","hentry"],"_links":{"self":[{"href":"https:\/\/forumjustica.com.br\/es\/wp-json\/wp\/v2\/pages\/20","targetHints":{"allow":["GET"]}}],"collection":[{"href":"https:\/\/forumjustica.com.br\/es\/wp-json\/wp\/v2\/pages"}],"about":[{"href":"https:\/\/forumjustica.com.br\/es\/wp-json\/wp\/v2\/types\/page"}],"author":[{"embeddable":true,"href":"https:\/\/forumjustica.com.br\/es\/wp-json\/wp\/v2\/users\/13"}],"replies":[{"embeddable":true,"href":"https:\/\/forumjustica.com.br\/es\/wp-json\/wp\/v2\/comments?post=20"}],"version-history":[{"count":12,"href":"https:\/\/forumjustica.com.br\/es\/wp-json\/wp\/v2\/pages\/20\/revisions"}],"predecessor-version":[{"id":19502,"href":"https:\/\/forumjustica.com.br\/es\/wp-json\/wp\/v2\/pages\/20\/revisions\/19502"}],"up":[{"embeddable":true,"href":"https:\/\/forumjustica.com.br\/es\/wp-json\/wp\/v2\/pages\/14"}],"wp:featuredmedia":[{"embeddable":true,"href":"https:\/\/forumjustica.com.br\/es\/wp-json\/wp\/v2\/media\/15435"}],"wp:attachment":[{"href":"https:\/\/forumjustica.com.br\/es\/wp-json\/wp\/v2\/media?parent=20"}],"curies":[{"name":"wp","href":"https:\/\/api.w.org\/{rel}","templated":true}]}}