{"id":22,"date":"2021-11-10T16:23:08","date_gmt":"2021-11-10T19:23:08","guid":{"rendered":"https:\/\/forumjustica.com.br\/live\/live\/?page_id=22"},"modified":"2023-07-18T07:10:01","modified_gmt":"2023-07-18T10:10:01","slug":"violencia-institucional","status":"publish","type":"page","link":"https:\/\/forumjustica.com.br\/es\/institucional\/sobre\/eixos-tematicos\/violencia-institucional\/","title":{"rendered":"Raza"},"content":{"rendered":"<p>La confrontaci\u00f3n del racismo estructural e institucional en el sistema de justicia es una de las l\u00edneas de los estudios y debates promovidos por F\u00f3rum Justicia (FJ) en los \u00faltimos a\u00f1os entre diferentes actores. Los datos muestran que las instituciones jur\u00eddicas tienden a reproducir las desigualdades y pr\u00e1cticas racistas de la sociedad brasilera en su dise\u00f1o institucional y en su actuaci\u00f3n. Las investigaciones indican un n\u00famero reducido de personas negras en puestos de decisi\u00f3n en el sistema judicial, as\u00ed como la dificultad de acceso de las personas negras a mecanismos de defensa y juicio adecuados.<\/p>\n<p>F\u00f3rum Justicia defiende la construcci\u00f3n de pol\u00edticas institucionales interseccionales que rompan con este ciclo de exclusi\u00f3n y pr\u00e1cticas discriminatorias. Para ello, ha invertido en el fortalecimiento de grupos y mecanismos dedicados a discutir el racismo en el sistema de justicia, cuestionar las pr\u00e1cticas discriminatorias y realizar estudios sobre el tema para transformar esta realidad y democratizar estos espacios de poder. Los estudios <a href=\"https:\/\/drive.google.com\/file\/d\/1DV4f4WnQ2kC78SuIyt3eCAP6XL5o_mdD\/view\">Din\u00e1micas de Reproducci\u00f3n y Enfrentamiento al Racismo Institucional en la Defensor\u00eda P\u00fablica<\/a>\u00bb y \u00ab<a href=\"https:\/\/drive.google.com\/file\/d\/1lHMGOVNxkeHQtMC-_55jVQ4KUWfzkCnp\/view\">Racismo Institucional y el Sistema de Justicia<\/a>\u00ab, realizados en alianza con la organizaci\u00f3n <a href=\"https:\/\/criola.org.br\/\">Criola<\/a>, son algunos ejemplos de estas producciones.<\/p>\n<p>FJ defiende que todas las instituciones del sistema de justicia se comprometan p\u00fablicamente a luchar contra el racismo, creando pol\u00edticas, acciones y estrategias antirracistas; instituyendo \u00f3rganos de gobernanza para coordinar las iniciativas con este enfoque; desarrollando acciones afirmativas para el ingreso y la promoci\u00f3n funcional de negros, ind\u00edgenas, quilombolas, personas con discapacidad, hiposuficientes; y estableciendo metas y m\u00e9tricas para este proceso.<\/p>\n<p>La construcci\u00f3n de una justicia menos discriminatoria debe implicar tambi\u00e9n la creaci\u00f3n de organismos y protocolos espec\u00edficos para atender a estos grupos en situaci\u00f3n de vulnerabilidad, que a menudo no pueden acceder a la justicia de manera eficiente y justa.<\/p>","protected":false},"excerpt":{"rendered":"<p>La confrontaci\u00f3n del racismo estructural e institucional en el sistema de justicia es una de las l\u00edneas de los estudios y debates promovidos por F\u00f3rum Justicia (FJ) en los \u00faltimos a\u00f1os entre diferentes actores. Los datos muestran que las instituciones jur\u00eddicas tienden a reproducir las desigualdades y pr\u00e1cticas racistas de la sociedad brasilera en su [&hellip;]<\/p>\n","protected":false},"author":13,"featured_media":15455,"parent":14,"menu_order":4,"comment_status":"closed","ping_status":"closed","template":"","meta":{"inline_featured_image":false,"footnotes":""},"class_list":["post-22","page","type-page","status-publish","has-post-thumbnail","hentry"],"_links":{"self":[{"href":"https:\/\/forumjustica.com.br\/es\/wp-json\/wp\/v2\/pages\/22","targetHints":{"allow":["GET"]}}],"collection":[{"href":"https:\/\/forumjustica.com.br\/es\/wp-json\/wp\/v2\/pages"}],"about":[{"href":"https:\/\/forumjustica.com.br\/es\/wp-json\/wp\/v2\/types\/page"}],"author":[{"embeddable":true,"href":"https:\/\/forumjustica.com.br\/es\/wp-json\/wp\/v2\/users\/13"}],"replies":[{"embeddable":true,"href":"https:\/\/forumjustica.com.br\/es\/wp-json\/wp\/v2\/comments?post=22"}],"version-history":[{"count":12,"href":"https:\/\/forumjustica.com.br\/es\/wp-json\/wp\/v2\/pages\/22\/revisions"}],"predecessor-version":[{"id":19500,"href":"https:\/\/forumjustica.com.br\/es\/wp-json\/wp\/v2\/pages\/22\/revisions\/19500"}],"up":[{"embeddable":true,"href":"https:\/\/forumjustica.com.br\/es\/wp-json\/wp\/v2\/pages\/14"}],"wp:featuredmedia":[{"embeddable":true,"href":"https:\/\/forumjustica.com.br\/es\/wp-json\/wp\/v2\/media\/15455"}],"wp:attachment":[{"href":"https:\/\/forumjustica.com.br\/es\/wp-json\/wp\/v2\/media?parent=22"}],"curies":[{"name":"wp","href":"https:\/\/api.w.org\/{rel}","templated":true}]}}