{"id":24,"date":"2021-11-10T16:23:23","date_gmt":"2021-11-10T19:23:23","guid":{"rendered":"https:\/\/forumjustica.com.br\/live\/live\/?page_id=24"},"modified":"2023-07-18T07:10:04","modified_gmt":"2023-07-18T10:10:04","slug":"ibero-latino-americano","status":"publish","type":"page","link":"https:\/\/forumjustica.com.br\/es\/institucional\/sobre\/eixos-tematicos\/ibero-latino-americano\/","title":{"rendered":"Ibero latinoamericano"},"content":{"rendered":"<p>La formaci\u00f3n de la cultura jur\u00eddica en Am\u00e9rica Latina tiene fuertes rasgos comunes, como el florecimiento del modelo de Defensor\u00eda P\u00fablica. Sin embargo, los pa\u00edses de la regi\u00f3n tambi\u00e9n comparten los numerosos obst\u00e1culos que dificultan la implementaci\u00f3n de una amplia agenda de derechos. F\u00f3rum Justicia (FJ) tiene el objetivo de contribuir al mejoramiento de los dise\u00f1os institucionales de los sistemas de justicia a trav\u00e9s del intercambio de conocimientos y experiencias entre diferentes actores internacionales.<\/p>\n<p>O Eixo Tem\u00e1tico Ibero Latino-Americano tem buscado difundir o conte\u00fado das 100 Regras de Bras\u00edlia e outros documentos publicados pela C\u00fapula Judicial Ibero-americana. Tem, tamb\u00e9m, facilitado a elabora\u00e7\u00e3o de conv\u00eanios para o interc\u00e2mbio entre Defensorias P\u00fablicas de pa\u00edses da regi\u00e3o com o objetivo de construir, coletivamente, um modelo de justi\u00e7a integrador. Dentre os principais temas discutidos, est\u00e3o a pol\u00edtica judicial latino-americana e a reforma da justi\u00e7a no continente.<\/p>\n<p>El Grupo Tem\u00e1tico Ibero-Latinoamericano ha buscado difundir el contenido de las 100 Reglas de Brasilia y otros documentos publicados por la Cumbre Judicial Iberoamericana. Tambi\u00e9n ha facilitado la elaboraci\u00f3n de convenios de intercambio entre las Defensor\u00edas P\u00fablicas de los pa\u00edses de la regi\u00f3n con el objetivo de construir, colectivamente, un modelo de justicia integrador. Entre los principales temas que se tratan est\u00e1 la pol\u00edtica judicial latinoamericana y la reforma de la justicia en el continente.<\/p>\n<p>En 2019, FJ inici\u00f3 el proyecto <a href=\"https:\/\/accesstojusticeamericas.org\/es\/home-espanol\/\">Acceso a la Justicia en las Am\u00e9ricas<\/a> (AJA), que tiene como objetivo promover una internacionalizaci\u00f3n m\u00e1s equitativa del debate sobre el acceso a la justicia, desafiando la centralidad del idioma ingl\u00e9s y destacando las innovaciones de diversos pa\u00edses de la regi\u00f3n, en cuatro idiomas (portugu\u00e9s, espa\u00f1ol, franc\u00e9s e ingl\u00e9s). El proyecto ha articulado diferentes redes de movimientos sociales, investigaci\u00f3n y actores judiciales en todo el continente.<\/p>","protected":false},"excerpt":{"rendered":"<p>La formaci\u00f3n de la cultura jur\u00eddica en Am\u00e9rica Latina tiene fuertes rasgos comunes, como el florecimiento del modelo de Defensor\u00eda P\u00fablica. Sin embargo, los pa\u00edses de la regi\u00f3n tambi\u00e9n comparten los numerosos obst\u00e1culos que dificultan la implementaci\u00f3n de una amplia agenda de derechos. F\u00f3rum Justicia (FJ) tiene el objetivo de contribuir al mejoramiento de los [&hellip;]<\/p>\n","protected":false},"author":13,"featured_media":15457,"parent":14,"menu_order":5,"comment_status":"closed","ping_status":"closed","template":"","meta":{"inline_featured_image":false,"footnotes":""},"class_list":["post-24","page","type-page","status-publish","has-post-thumbnail","hentry"],"_links":{"self":[{"href":"https:\/\/forumjustica.com.br\/es\/wp-json\/wp\/v2\/pages\/24","targetHints":{"allow":["GET"]}}],"collection":[{"href":"https:\/\/forumjustica.com.br\/es\/wp-json\/wp\/v2\/pages"}],"about":[{"href":"https:\/\/forumjustica.com.br\/es\/wp-json\/wp\/v2\/types\/page"}],"author":[{"embeddable":true,"href":"https:\/\/forumjustica.com.br\/es\/wp-json\/wp\/v2\/users\/13"}],"replies":[{"embeddable":true,"href":"https:\/\/forumjustica.com.br\/es\/wp-json\/wp\/v2\/comments?post=24"}],"version-history":[{"count":9,"href":"https:\/\/forumjustica.com.br\/es\/wp-json\/wp\/v2\/pages\/24\/revisions"}],"predecessor-version":[{"id":19501,"href":"https:\/\/forumjustica.com.br\/es\/wp-json\/wp\/v2\/pages\/24\/revisions\/19501"}],"up":[{"embeddable":true,"href":"https:\/\/forumjustica.com.br\/es\/wp-json\/wp\/v2\/pages\/14"}],"wp:featuredmedia":[{"embeddable":true,"href":"https:\/\/forumjustica.com.br\/es\/wp-json\/wp\/v2\/media\/15457"}],"wp:attachment":[{"href":"https:\/\/forumjustica.com.br\/es\/wp-json\/wp\/v2\/media?parent=24"}],"curies":[{"name":"wp","href":"https:\/\/api.w.org\/{rel}","templated":true}]}}